{"id":54,"date":"2024-01-17T18:52:05","date_gmt":"2024-01-17T18:52:05","guid":{"rendered":"https:\/\/brille.2projekt.de\/?page_id=54"},"modified":"2024-01-29T17:49:02","modified_gmt":"2024-01-29T17:49:02","slug":"einblicke","status":"publish","type":"page","link":"https:\/\/brille.2projekt.de\/index.php\/die-brille-austermann\/einblicke\/","title":{"rendered":"Einblicke"},"content":{"rendered":"\t\t<div data-elementor-type=\"wp-page\" data-elementor-id=\"54\" class=\"elementor elementor-54\" data-elementor-post-type=\"page\">\n\t\t\t\t<div class=\"elementor-element elementor-element-208382f e-con-full e-flex e-con e-parent\" data-id=\"208382f\" data-element_type=\"container\" data-settings=\"{&quot;content_width&quot;:&quot;full&quot;,&quot;background_background&quot;:&quot;classic&quot;}\" data-core-v316-plus=\"true\">\n\t\t\t\t<div class=\"elementor-element elementor-element-c69175e elementor-widget elementor-widget-spacer\" data-id=\"c69175e\" data-element_type=\"widget\" data-widget_type=\"spacer.default\">\n\t\t\t\t<div class=\"elementor-widget-container\">\n\t\t\t<style>\/*! elementor - v3.19.0 - 29-01-2024 *\/\n.elementor-column .elementor-spacer-inner{height:var(--spacer-size)}.e-con{--container-widget-width:100%}.e-con-inner>.elementor-widget-spacer,.e-con>.elementor-widget-spacer{width:var(--container-widget-width,var(--spacer-size));--align-self:var(--container-widget-align-self,initial);--flex-shrink:0}.e-con-inner>.elementor-widget-spacer>.elementor-widget-container,.e-con>.elementor-widget-spacer>.elementor-widget-container{height:100%;width:100%}.e-con-inner>.elementor-widget-spacer>.elementor-widget-container>.elementor-spacer,.e-con>.elementor-widget-spacer>.elementor-widget-container>.elementor-spacer{height:100%}.e-con-inner>.elementor-widget-spacer>.elementor-widget-container>.elementor-spacer>.elementor-spacer-inner,.e-con>.elementor-widget-spacer>.elementor-widget-container>.elementor-spacer>.elementor-spacer-inner{height:var(--container-widget-height,var(--spacer-size))}.e-con-inner>.elementor-widget-spacer.elementor-widget-empty,.e-con>.elementor-widget-spacer.elementor-widget-empty{position:relative;min-height:22px;min-width:22px}.e-con-inner>.elementor-widget-spacer.elementor-widget-empty .elementor-widget-empty-icon,.e-con>.elementor-widget-spacer.elementor-widget-empty .elementor-widget-empty-icon{position:absolute;top:0;bottom:0;left:0;right:0;margin:auto;padding:0;width:22px;height:22px}<\/style>\t\t<div class=\"elementor-spacer\">\n\t\t\t<div class=\"elementor-spacer-inner\"><\/div>\n\t\t<\/div>\n\t\t\t\t<\/div>\n\t\t\t\t<\/div>\n\t\t<div class=\"elementor-element elementor-element-9c99b08 e-flex e-con-boxed elementor-invisible e-con e-child\" data-id=\"9c99b08\" data-element_type=\"container\" data-settings=\"{&quot;background_background&quot;:&quot;classic&quot;,&quot;animation&quot;:&quot;fadeInUp&quot;,&quot;content_width&quot;:&quot;boxed&quot;}\">\n\t\t\t\t\t<div class=\"e-con-inner\">\n\t\t\t\t<div class=\"elementor-element elementor-element-c92f6e8 elementor-widget-divider--view-line elementor-widget elementor-widget-divider\" data-id=\"c92f6e8\" data-element_type=\"widget\" data-widget_type=\"divider.default\">\n\t\t\t\t<div class=\"elementor-widget-container\">\n\t\t\t<style>\/*! elementor - v3.19.0 - 29-01-2024 *\/\n.elementor-widget-divider{--divider-border-style:none;--divider-border-width:1px;--divider-color:#0c0d0e;--divider-icon-size:20px;--divider-element-spacing:10px;--divider-pattern-height:24px;--divider-pattern-size:20px;--divider-pattern-url:none;--divider-pattern-repeat:repeat-x}.elementor-widget-divider .elementor-divider{display:flex}.elementor-widget-divider .elementor-divider__text{font-size:15px;line-height:1;max-width:95%}.elementor-widget-divider .elementor-divider__element{margin:0 var(--divider-element-spacing);flex-shrink:0}.elementor-widget-divider .elementor-icon{font-size:var(--divider-icon-size)}.elementor-widget-divider .elementor-divider-separator{display:flex;margin:0;direction:ltr}.elementor-widget-divider--view-line_icon .elementor-divider-separator,.elementor-widget-divider--view-line_text .elementor-divider-separator{align-items:center}.elementor-widget-divider--view-line_icon .elementor-divider-separator:after,.elementor-widget-divider--view-line_icon .elementor-divider-separator:before,.elementor-widget-divider--view-line_text .elementor-divider-separator:after,.elementor-widget-divider--view-line_text .elementor-divider-separator:before{display:block;content:\"\";border-block-end:0;flex-grow:1;border-block-start:var(--divider-border-width) var(--divider-border-style) var(--divider-color)}.elementor-widget-divider--element-align-left .elementor-divider .elementor-divider-separator>.elementor-divider__svg:first-of-type{flex-grow:0;flex-shrink:100}.elementor-widget-divider--element-align-left .elementor-divider-separator:before{content:none}.elementor-widget-divider--element-align-left .elementor-divider__element{margin-left:0}.elementor-widget-divider--element-align-right .elementor-divider .elementor-divider-separator>.elementor-divider__svg:last-of-type{flex-grow:0;flex-shrink:100}.elementor-widget-divider--element-align-right .elementor-divider-separator:after{content:none}.elementor-widget-divider--element-align-right .elementor-divider__element{margin-right:0}.elementor-widget-divider--element-align-start .elementor-divider .elementor-divider-separator>.elementor-divider__svg:first-of-type{flex-grow:0;flex-shrink:100}.elementor-widget-divider--element-align-start .elementor-divider-separator:before{content:none}.elementor-widget-divider--element-align-start .elementor-divider__element{margin-inline-start:0}.elementor-widget-divider--element-align-end .elementor-divider .elementor-divider-separator>.elementor-divider__svg:last-of-type{flex-grow:0;flex-shrink:100}.elementor-widget-divider--element-align-end .elementor-divider-separator:after{content:none}.elementor-widget-divider--element-align-end .elementor-divider__element{margin-inline-end:0}.elementor-widget-divider:not(.elementor-widget-divider--view-line_text):not(.elementor-widget-divider--view-line_icon) .elementor-divider-separator{border-block-start:var(--divider-border-width) var(--divider-border-style) var(--divider-color)}.elementor-widget-divider--separator-type-pattern{--divider-border-style:none}.elementor-widget-divider--separator-type-pattern.elementor-widget-divider--view-line .elementor-divider-separator,.elementor-widget-divider--separator-type-pattern:not(.elementor-widget-divider--view-line) .elementor-divider-separator:after,.elementor-widget-divider--separator-type-pattern:not(.elementor-widget-divider--view-line) .elementor-divider-separator:before,.elementor-widget-divider--separator-type-pattern:not([class*=elementor-widget-divider--view]) .elementor-divider-separator{width:100%;min-height:var(--divider-pattern-height);-webkit-mask-size:var(--divider-pattern-size) 100%;mask-size:var(--divider-pattern-size) 100%;-webkit-mask-repeat:var(--divider-pattern-repeat);mask-repeat:var(--divider-pattern-repeat);background-color:var(--divider-color);-webkit-mask-image:var(--divider-pattern-url);mask-image:var(--divider-pattern-url)}.elementor-widget-divider--no-spacing{--divider-pattern-size:auto}.elementor-widget-divider--bg-round{--divider-pattern-repeat:round}.rtl .elementor-widget-divider .elementor-divider__text{direction:rtl}.e-con-inner>.elementor-widget-divider,.e-con>.elementor-widget-divider{width:var(--container-widget-width,100%);--flex-grow:var(--container-widget-flex-grow)}<\/style>\t\t<div class=\"elementor-divider\">\n\t\t\t<span class=\"elementor-divider-separator\">\n\t\t\t\t\t\t<\/span>\n\t\t<\/div>\n\t\t\t\t<\/div>\n\t\t\t\t<\/div>\n\t\t<div class=\"elementor-element elementor-element-63a3fa7 e-con-full e-flex e-con e-child\" data-id=\"63a3fa7\" data-element_type=\"container\" data-settings=\"{&quot;content_width&quot;:&quot;full&quot;}\">\n\t\t<div class=\"elementor-element elementor-element-f42c0af e-con-full e-flex e-con e-child\" data-id=\"f42c0af\" data-element_type=\"container\" data-settings=\"{&quot;content_width&quot;:&quot;full&quot;}\">\n\t\t\t\t<div class=\"elementor-element elementor-element-f3e8c4a elementor-widget elementor-widget-heading\" data-id=\"f3e8c4a\" data-element_type=\"widget\" data-widget_type=\"heading.default\">\n\t\t\t\t<div class=\"elementor-widget-container\">\n\t\t\t<style>\/*! elementor - v3.19.0 - 29-01-2024 *\/\n.elementor-heading-title{padding:0;margin:0;line-height:1}.elementor-widget-heading .elementor-heading-title[class*=elementor-size-]>a{color:inherit;font-size:inherit;line-height:inherit}.elementor-widget-heading .elementor-heading-title.elementor-size-small{font-size:15px}.elementor-widget-heading .elementor-heading-title.elementor-size-medium{font-size:19px}.elementor-widget-heading .elementor-heading-title.elementor-size-large{font-size:29px}.elementor-widget-heading .elementor-heading-title.elementor-size-xl{font-size:39px}.elementor-widget-heading .elementor-heading-title.elementor-size-xxl{font-size:59px}<\/style><h1 class=\"elementor-heading-title elementor-size-default\">Einblicke<\/h1>\t\t<\/div>\n\t\t\t\t<\/div>\n\t\t\t\t<div class=\"elementor-element elementor-element-5a79b89 elementor-widget elementor-widget-heading\" data-id=\"5a79b89\" data-element_type=\"widget\" data-widget_type=\"heading.default\">\n\t\t\t\t<div class=\"elementor-widget-container\">\n\t\t\t<h2 class=\"elementor-heading-title elementor-size-default\">\u201edie Brille Austermann\u201c \u2013 Moderne Augenoptik mit Tradition<\/h2>\t\t<\/div>\n\t\t\t\t<\/div>\n\t\t\t\t<div class=\"elementor-element elementor-element-65be337 elementor-widget elementor-widget-text-editor\" data-id=\"65be337\" data-element_type=\"widget\" data-widget_type=\"text-editor.default\">\n\t\t\t\t<div class=\"elementor-widget-container\">\n\t\t\t<style>\/*! elementor - v3.19.0 - 29-01-2024 *\/\n.elementor-widget-text-editor.elementor-drop-cap-view-stacked .elementor-drop-cap{background-color:#69727d;color:#fff}.elementor-widget-text-editor.elementor-drop-cap-view-framed .elementor-drop-cap{color:#69727d;border:3px solid;background-color:transparent}.elementor-widget-text-editor:not(.elementor-drop-cap-view-default) .elementor-drop-cap{margin-top:8px}.elementor-widget-text-editor:not(.elementor-drop-cap-view-default) .elementor-drop-cap-letter{width:1em;height:1em}.elementor-widget-text-editor .elementor-drop-cap{float:left;text-align:center;line-height:1;font-size:50px}.elementor-widget-text-editor .elementor-drop-cap-letter{display:inline-block}<\/style>\t\t\t\t<p>Seit 1956 existiert das Augenoptikfachgesch\u00e4ft an der Windthorststra\u00dfe 32. Gegr\u00fcndet als \u201eOptik Kruse\u201c, \u00fcbernahmen Monika und Christoph Austermann das Gesch\u00e4ft im Jahre 2000 und f\u00fchrten es als \u201edie Brille Austermann\u201c fort. Nach zweimaligem Umzug im gleichen Haus, hat nun Herr Oliver Schmitz die Leitung \u00fcbernommen.<\/p><p>Als \u201edie Brille Austermannn c\/o H\u00f6ren und Sehen O. Schmitz GmbH\u201c, sind wir nun Teil einer kleinen Gruppe individueller Augenoptikfachgesch\u00e4fte. Hier vereinen sich gekonnt traditionelles Handwerk mit moderner, kreativer Augenoptik, die stets der Individualit\u00e4t des Brillentr\u00e4gers Rechnung tr\u00e4gt.<\/p>\t\t\t\t\t\t<\/div>\n\t\t\t\t<\/div>\n\t\t\t\t<div class=\"elementor-element elementor-element-43d1f62 elementor-nav-menu--dropdown-none elementor-widget elementor-widget-nav-menu\" data-id=\"43d1f62\" data-element_type=\"widget\" data-settings=\"{&quot;layout&quot;:&quot;horizontal&quot;,&quot;submenu_icon&quot;:{&quot;value&quot;:&quot;&lt;svg class=\\&quot;e-font-icon-svg e-fas-caret-down\\&quot; viewBox=\\&quot;0 0 320 512\\&quot; xmlns=\\&quot;http:\\\/\\\/www.w3.org\\\/2000\\\/svg\\&quot;&gt;&lt;path d=\\&quot;M31.3 192h257.3c17.8 0 26.7 21.5 14.1 34.1L174.1 354.8c-7.8 7.8-20.5 7.8-28.3 0L17.2 226.1C4.6 213.5 13.5 192 31.3 192z\\&quot;&gt;&lt;\\\/path&gt;&lt;\\\/svg&gt;&quot;,&quot;library&quot;:&quot;fa-solid&quot;}}\" data-widget_type=\"nav-menu.default\">\n\t\t\t\t<div class=\"elementor-widget-container\">\n\t\t\t<link rel=\"stylesheet\" href=\"https:\/\/brille.2projekt.de\/wp-content\/plugins\/elementor-pro\/assets\/css\/widget-nav-menu.min.css\">\t\t\t<nav class=\"elementor-nav-menu--main elementor-nav-menu__container elementor-nav-menu--layout-horizontal e--pointer-none\">\n\t\t\t\t<ul id=\"menu-1-43d1f62\" class=\"elementor-nav-menu\"><li class=\"menu-item menu-item-type-post_type menu-item-object-page menu-item-62\"><a href=\"https:\/\/brille.2projekt.de\/index.php\/die-brille-austermann\/einblicke\/\" class=\"elementor-item\">_Einblicke<\/a><\/li>\n<li class=\"menu-item menu-item-type-post_type menu-item-object-page menu-item-170\"><a href=\"https:\/\/brille.2projekt.de\/index.php\/die-brille-austermann\/staerken\/\" class=\"elementor-item\">_St\u00e4rken<\/a><\/li>\n<li class=\"menu-item menu-item-type-post_type menu-item-object-page menu-item-169\"><a href=\"https:\/\/brille.2projekt.de\/index.php\/die-brille-austermann\/team\/\" class=\"elementor-item\">_Team<\/a><\/li>\n<li class=\"menu-item menu-item-type-post_type menu-item-object-page menu-item-168\"><a href=\"https:\/\/brille.2projekt.de\/index.php\/die-brille-austermann\/eindollarbrille\/\" class=\"elementor-item\">_EinDollarBrille<\/a><\/li>\n<\/ul>\t\t\t<\/nav>\n\t\t\t\t\t\t<nav class=\"elementor-nav-menu--dropdown elementor-nav-menu__container\" aria-hidden=\"true\">\n\t\t\t\t<ul id=\"menu-2-43d1f62\" class=\"elementor-nav-menu\"><li class=\"menu-item menu-item-type-post_type menu-item-object-page menu-item-62\"><a href=\"https:\/\/brille.2projekt.de\/index.php\/die-brille-austermann\/einblicke\/\" class=\"elementor-item\" tabindex=\"-1\">_Einblicke<\/a><\/li>\n<li class=\"menu-item menu-item-type-post_type menu-item-object-page menu-item-170\"><a href=\"https:\/\/brille.2projekt.de\/index.php\/die-brille-austermann\/staerken\/\" class=\"elementor-item\" tabindex=\"-1\">_St\u00e4rken<\/a><\/li>\n<li class=\"menu-item menu-item-type-post_type menu-item-object-page menu-item-169\"><a href=\"https:\/\/brille.2projekt.de\/index.php\/die-brille-austermann\/team\/\" class=\"elementor-item\" tabindex=\"-1\">_Team<\/a><\/li>\n<li class=\"menu-item menu-item-type-post_type menu-item-object-page menu-item-168\"><a href=\"https:\/\/brille.2projekt.de\/index.php\/die-brille-austermann\/eindollarbrille\/\" class=\"elementor-item\" tabindex=\"-1\">_EinDollarBrille<\/a><\/li>\n<\/ul>\t\t\t<\/nav>\n\t\t\t\t<\/div>\n\t\t\t\t<\/div>\n\t\t\t\t<\/div>\n\t\t<div class=\"elementor-element elementor-element-0f22e0e e-con-full e-flex e-con e-child\" data-id=\"0f22e0e\" data-element_type=\"container\" data-settings=\"{&quot;content_width&quot;:&quot;full&quot;}\">\n\t\t\t\t<div class=\"elementor-element elementor-element-c498355 elementor-widget elementor-widget-image\" data-id=\"c498355\" data-element_type=\"widget\" data-widget_type=\"image.default\">\n\t\t\t\t<div class=\"elementor-widget-container\">\n\t\t\t<style>\/*! elementor - v3.19.0 - 29-01-2024 *\/\n.elementor-widget-image{text-align:center}.elementor-widget-image a{display:inline-block}.elementor-widget-image a img[src$=\".svg\"]{width:48px}.elementor-widget-image img{vertical-align:middle;display:inline-block}<\/style>\t\t\t\t\t\t\t\t\t\t<img fetchpriority=\"high\" decoding=\"async\" width=\"1920\" height=\"1270\" src=\"https:\/\/brille.2projekt.de\/wp-content\/uploads\/2024\/01\/austermann-christoph-monika-01.jpg\" class=\"attachment-full size-full wp-image-56\" alt=\"\" srcset=\"https:\/\/brille.2projekt.de\/wp-content\/uploads\/2024\/01\/austermann-christoph-monika-01.jpg 1920w, https:\/\/brille.2projekt.de\/wp-content\/uploads\/2024\/01\/austermann-christoph-monika-01-300x198.jpg 300w, https:\/\/brille.2projekt.de\/wp-content\/uploads\/2024\/01\/austermann-christoph-monika-01-1024x677.jpg 1024w, https:\/\/brille.2projekt.de\/wp-content\/uploads\/2024\/01\/austermann-christoph-monika-01-768x508.jpg 768w, https:\/\/brille.2projekt.de\/wp-content\/uploads\/2024\/01\/austermann-christoph-monika-01-1536x1016.jpg 1536w\" sizes=\"(max-width: 1920px) 100vw, 1920px\" \/>\t\t\t\t\t\t\t\t\t\t\t\t\t<\/div>\n\t\t\t\t<\/div>\n\t\t\t\t<\/div>\n\t\t\t\t<\/div>\n\t\t\t\t\t<\/div>\n\t\t\t\t<\/div>\n\t\t\t\t<\/div>\n\t\t\t\t<\/div>\n\t\t","protected":false},"excerpt":{"rendered":"<p>Einblicke \u201edie Brille Austermann\u201c \u2013 Moderne Augenoptik mit Tradition Seit 1956 existiert das Augenoptikfachgesch\u00e4ft an der Windthorststra\u00dfe 32. Gegr\u00fcndet als \u201eOptik Kruse\u201c, \u00fcbernahmen Monika und Christoph Austermann das Gesch\u00e4ft im Jahre 2000 und f\u00fchrten es als \u201edie Brille Austermann\u201c fort. Nach zweimaligem Umzug im gleichen Haus, hat nun Herr Oliver Schmitz die Leitung \u00fcbernommen. Als [&hellip;]<\/p>\n","protected":false},"author":1,"featured_media":0,"parent":52,"menu_order":0,"comment_status":"closed","ping_status":"closed","template":"","meta":{"footnotes":""},"class_list":["post-54","page","type-page","status-publish","hentry"],"yoast_head":"<!-- This site is optimized with the Yoast SEO plugin v21.9.1 - https:\/\/yoast.com\/wordpress\/plugins\/seo\/ -->\n<title>Einblicke - die Brille Austermann<\/title>\n<meta name=\"robots\" content=\"index, follow, max-snippet:-1, max-image-preview:large, max-video-preview:-1\" \/>\n<link rel=\"canonical\" href=\"https:\/\/brille.2projekt.de\/index.php\/die-brille-austermann\/einblicke\/\" \/>\n<meta property=\"og:locale\" content=\"de_DE\" \/>\n<meta property=\"og:type\" content=\"article\" \/>\n<meta property=\"og:title\" content=\"Einblicke - die Brille Austermann\" \/>\n<meta property=\"og:description\" content=\"Einblicke \u201edie Brille Austermann\u201c \u2013 Moderne Augenoptik mit Tradition Seit 1956 existiert das Augenoptikfachgesch\u00e4ft an der Windthorststra\u00dfe 32. Gegr\u00fcndet als \u201eOptik Kruse\u201c, \u00fcbernahmen Monika und Christoph Austermann das Gesch\u00e4ft im Jahre 2000 und f\u00fchrten es als \u201edie Brille Austermann\u201c fort. Nach zweimaligem Umzug im gleichen Haus, hat nun Herr Oliver Schmitz die Leitung \u00fcbernommen. Als [&hellip;]\" \/>\n<meta property=\"og:url\" content=\"https:\/\/brille.2projekt.de\/index.php\/die-brille-austermann\/einblicke\/\" \/>\n<meta property=\"og:site_name\" content=\"die Brille Austermann\" \/>\n<meta property=\"article:modified_time\" content=\"2024-01-29T17:49:02+00:00\" \/>\n<meta property=\"og:image\" content=\"https:\/\/brille.2projekt.de\/wp-content\/uploads\/2024\/01\/austermann-christoph-monika-01.jpg\" \/>\n<meta name=\"twitter:card\" content=\"summary_large_image\" \/>\n<meta name=\"twitter:label1\" content=\"Gesch\u00e4tzte Lesezeit\" \/>\n\t<meta name=\"twitter:data1\" content=\"1\u00a0Minute\" \/>\n<script type=\"application\/ld+json\" class=\"yoast-schema-graph\">{\"@context\":\"https:\/\/schema.org\",\"@graph\":[{\"@type\":\"WebPage\",\"@id\":\"https:\/\/brille.2projekt.de\/index.php\/die-brille-austermann\/einblicke\/\",\"url\":\"https:\/\/brille.2projekt.de\/index.php\/die-brille-austermann\/einblicke\/\",\"name\":\"Einblicke - die Brille Austermann\",\"isPartOf\":{\"@id\":\"https:\/\/brille.2projekt.de\/#website\"},\"datePublished\":\"2024-01-17T18:52:05+00:00\",\"dateModified\":\"2024-01-29T17:49:02+00:00\",\"breadcrumb\":{\"@id\":\"https:\/\/brille.2projekt.de\/index.php\/die-brille-austermann\/einblicke\/#breadcrumb\"},\"inLanguage\":\"de\",\"potentialAction\":[{\"@type\":\"ReadAction\",\"target\":[\"https:\/\/brille.2projekt.de\/index.php\/die-brille-austermann\/einblicke\/\"]}]},{\"@type\":\"BreadcrumbList\",\"@id\":\"https:\/\/brille.2projekt.de\/index.php\/die-brille-austermann\/einblicke\/#breadcrumb\",\"itemListElement\":[{\"@type\":\"ListItem\",\"position\":1,\"name\":\"Startseite\",\"item\":\"https:\/\/brille.2projekt.de\/\"},{\"@type\":\"ListItem\",\"position\":2,\"name\":\"die Brille Austermann\",\"item\":\"https:\/\/brille.2projekt.de\/?page_id=52\"},{\"@type\":\"ListItem\",\"position\":3,\"name\":\"Einblicke\"}]},{\"@type\":\"WebSite\",\"@id\":\"https:\/\/brille.2projekt.de\/#website\",\"url\":\"https:\/\/brille.2projekt.de\/\",\"name\":\"die Brille Austermann\",\"description\":\"Ihr Optiker und Brillenfachgesch\u00e4ft in M\u00fcnster\",\"publisher\":{\"@id\":\"https:\/\/brille.2projekt.de\/#organization\"},\"potentialAction\":[{\"@type\":\"SearchAction\",\"target\":{\"@type\":\"EntryPoint\",\"urlTemplate\":\"https:\/\/brille.2projekt.de\/?s={search_term_string}\"},\"query-input\":\"required name=search_term_string\"}],\"inLanguage\":\"de\"},{\"@type\":\"Organization\",\"@id\":\"https:\/\/brille.2projekt.de\/#organization\",\"name\":\"die Brille Austermann\",\"url\":\"https:\/\/brille.2projekt.de\/\",\"logo\":{\"@type\":\"ImageObject\",\"inLanguage\":\"de\",\"@id\":\"https:\/\/brille.2projekt.de\/#\/schema\/logo\/image\/\",\"url\":\"https:\/\/brille.2projekt.de\/wp-content\/uploads\/2024\/01\/AUS_lg_orange-weiss_RZ.png\",\"contentUrl\":\"https:\/\/brille.2projekt.de\/wp-content\/uploads\/2024\/01\/AUS_lg_orange-weiss_RZ.png\",\"width\":1272,\"height\":432,\"caption\":\"die Brille Austermann\"},\"image\":{\"@id\":\"https:\/\/brille.2projekt.de\/#\/schema\/logo\/image\/\"}}]}<\/script>\n<!-- \/ Yoast SEO plugin. -->","yoast_head_json":{"title":"Einblicke - die Brille Austermann","robots":{"index":"index","follow":"follow","max-snippet":"max-snippet:-1","max-image-preview":"max-image-preview:large","max-video-preview":"max-video-preview:-1"},"canonical":"https:\/\/brille.2projekt.de\/index.php\/die-brille-austermann\/einblicke\/","og_locale":"de_DE","og_type":"article","og_title":"Einblicke - die Brille Austermann","og_description":"Einblicke \u201edie Brille Austermann\u201c \u2013 Moderne Augenoptik mit Tradition Seit 1956 existiert das Augenoptikfachgesch\u00e4ft an der Windthorststra\u00dfe 32. Gegr\u00fcndet als \u201eOptik Kruse\u201c, \u00fcbernahmen Monika und Christoph Austermann das Gesch\u00e4ft im Jahre 2000 und f\u00fchrten es als \u201edie Brille Austermann\u201c fort. Nach zweimaligem Umzug im gleichen Haus, hat nun Herr Oliver Schmitz die Leitung \u00fcbernommen. Als [&hellip;]","og_url":"https:\/\/brille.2projekt.de\/index.php\/die-brille-austermann\/einblicke\/","og_site_name":"die Brille Austermann","article_modified_time":"2024-01-29T17:49:02+00:00","og_image":[{"url":"https:\/\/brille.2projekt.de\/wp-content\/uploads\/2024\/01\/austermann-christoph-monika-01.jpg"}],"twitter_card":"summary_large_image","twitter_misc":{"Gesch\u00e4tzte Lesezeit":"1\u00a0Minute"},"schema":{"@context":"https:\/\/schema.org","@graph":[{"@type":"WebPage","@id":"https:\/\/brille.2projekt.de\/index.php\/die-brille-austermann\/einblicke\/","url":"https:\/\/brille.2projekt.de\/index.php\/die-brille-austermann\/einblicke\/","name":"Einblicke - die Brille Austermann","isPartOf":{"@id":"https:\/\/brille.2projekt.de\/#website"},"datePublished":"2024-01-17T18:52:05+00:00","dateModified":"2024-01-29T17:49:02+00:00","breadcrumb":{"@id":"https:\/\/brille.2projekt.de\/index.php\/die-brille-austermann\/einblicke\/#breadcrumb"},"inLanguage":"de","potentialAction":[{"@type":"ReadAction","target":["https:\/\/brille.2projekt.de\/index.php\/die-brille-austermann\/einblicke\/"]}]},{"@type":"BreadcrumbList","@id":"https:\/\/brille.2projekt.de\/index.php\/die-brille-austermann\/einblicke\/#breadcrumb","itemListElement":[{"@type":"ListItem","position":1,"name":"Startseite","item":"https:\/\/brille.2projekt.de\/"},{"@type":"ListItem","position":2,"name":"die Brille Austermann","item":"https:\/\/brille.2projekt.de\/?page_id=52"},{"@type":"ListItem","position":3,"name":"Einblicke"}]},{"@type":"WebSite","@id":"https:\/\/brille.2projekt.de\/#website","url":"https:\/\/brille.2projekt.de\/","name":"die Brille Austermann","description":"Ihr Optiker und Brillenfachgesch\u00e4ft in M\u00fcnster","publisher":{"@id":"https:\/\/brille.2projekt.de\/#organization"},"potentialAction":[{"@type":"SearchAction","target":{"@type":"EntryPoint","urlTemplate":"https:\/\/brille.2projekt.de\/?s={search_term_string}"},"query-input":"required name=search_term_string"}],"inLanguage":"de"},{"@type":"Organization","@id":"https:\/\/brille.2projekt.de\/#organization","name":"die Brille Austermann","url":"https:\/\/brille.2projekt.de\/","logo":{"@type":"ImageObject","inLanguage":"de","@id":"https:\/\/brille.2projekt.de\/#\/schema\/logo\/image\/","url":"https:\/\/brille.2projekt.de\/wp-content\/uploads\/2024\/01\/AUS_lg_orange-weiss_RZ.png","contentUrl":"https:\/\/brille.2projekt.de\/wp-content\/uploads\/2024\/01\/AUS_lg_orange-weiss_RZ.png","width":1272,"height":432,"caption":"die Brille Austermann"},"image":{"@id":"https:\/\/brille.2projekt.de\/#\/schema\/logo\/image\/"}}]}},"_links":{"self":[{"href":"https:\/\/brille.2projekt.de\/index.php\/wp-json\/wp\/v2\/pages\/54","targetHints":{"allow":["GET"]}}],"collection":[{"href":"https:\/\/brille.2projekt.de\/index.php\/wp-json\/wp\/v2\/pages"}],"about":[{"href":"https:\/\/brille.2projekt.de\/index.php\/wp-json\/wp\/v2\/types\/page"}],"author":[{"embeddable":true,"href":"https:\/\/brille.2projekt.de\/index.php\/wp-json\/wp\/v2\/users\/1"}],"replies":[{"embeddable":true,"href":"https:\/\/brille.2projekt.de\/index.php\/wp-json\/wp\/v2\/comments?post=54"}],"version-history":[{"count":20,"href":"https:\/\/brille.2projekt.de\/index.php\/wp-json\/wp\/v2\/pages\/54\/revisions"}],"predecessor-version":[{"id":628,"href":"https:\/\/brille.2projekt.de\/index.php\/wp-json\/wp\/v2\/pages\/54\/revisions\/628"}],"up":[{"embeddable":true,"href":"https:\/\/brille.2projekt.de\/index.php\/wp-json\/wp\/v2\/pages\/52"}],"wp:attachment":[{"href":"https:\/\/brille.2projekt.de\/index.php\/wp-json\/wp\/v2\/media?parent=54"}],"curies":[{"name":"wp","href":"https:\/\/api.w.org\/{rel}","templated":true}]}}